{"id":7374,"date":"2023-04-04T15:09:59","date_gmt":"2023-04-04T13:09:59","guid":{"rendered":"https:\/\/biboat.net\/?post_type=product&#038;p=7374"},"modified":"2023-05-28T18:45:30","modified_gmt":"2023-05-28T16:45:30","slug":"beneteau-flyer","status":"publish","type":"product","link":"https:\/\/biboat.net\/es\/producto\/beneteau-flyer\/","title":{"rendered":"Beneteau Flyer 9 SPACE deck"},"content":{"rendered":"<p>Grandes novedades para 2023, solo para charter con patr\u00f3n, nuestra Beneteau Flyer 9, es una embarcaci\u00f3n excepcional, espaciosa y con coraz\u00f3n deportivo. Equipado con todas las comodidades para explorar nuestro magn\u00edfico golfo. \u00c1rea de cubierta optimizada, dise\u00f1o deportivo, el Flyer 9 SPACEdeck es un barco de d\u00eda acogedor con acabados precisos. Al adoptar la amplia cubierta lateral de babor Smart Walkaround, el Flyer 9 ofrece una excelente accesibilidad a la espaciosa plataforma de ba\u00f1o de proa y la m\u00e1xima seguridad en la circulaci\u00f3n. Equipado con 2 potentes motores Mercury Verado de 225HP cada uno. Un barco ideal para pasar un d\u00eda de relax en familia o con amigos.<\/p>","protected":false},"excerpt":{"rendered":"<p>Grandes noticias para 2023, s\u00f3lo en alquiler con patr\u00f3n, nuestro Beneteau Flyer 9 es un barco excepcional, espacioso y con coraz\u00f3n deportivo. Equipado con todas las comodidades para poder explorar nuestro magn\u00edfico golfo. Superficie de cubierta optimizada, dise\u00f1o deportivo, el Flyer 9 SPACEdeck es un barco de d\u00eda acogedor con acabados precisos. Al adoptar la gran pasarela Smart Walkaround para... <\/p>\n<p class=\"link-more\"><a href=\"https:\/\/biboat.net\/es\/producto\/beneteau-flyer\/\" class=\"more-link\">Leer m\u00e1s<span class=\"screen-reader-text\"> \u00abCubierta Beneteau Flyer 9 SPACE\u00bb<\/span><\/a><\/p>","protected":false},"featured_media":7377,"comment_status":"open","ping_status":"closed","template":"","meta":{"_mi_skip_tracking":false,"_monsterinsights_sitenote_active":false,"_monsterinsights_sitenote_note":"","_monsterinsights_sitenote_category":0},"product_cat":[71,70],"product_tag":[94,77,76,93],"acf":[],"yoast_head":"<!-- This site is optimized with the Yoast SEO plugin v20.7 - https:\/\/yoast.com\/wordpress\/plugins\/seo\/ -->\n<title>Beneteau Flyer 9 SPACE deck - Biboat - Noleggio Imbarcazioni<\/title>\n<meta name=\"description\" content=\"design sportivo, day-boat accogliente, ampio passavanti Smart Walkaround, motori Mercury verado da 225HP, barca ideale per una giornata con famiglie e amici\" \/>\n<meta name=\"robots\" content=\"index, follow, max-snippet:-1, max-image-preview:large, max-video-preview:-1\" \/>\n<link rel=\"canonical\" href=\"https:\/\/biboat.net\/es\/producto\/beneteau-flyer\/\" \/>\n<meta property=\"og:locale\" content=\"es_ES\" \/>\n<meta property=\"og:type\" content=\"article\" \/>\n<meta property=\"og:title\" content=\"Beneteau Flyer 9 SPACE deck - Biboat - Noleggio Imbarcazioni\" \/>\n<meta property=\"og:description\" content=\"design sportivo, day-boat accogliente, ampio passavanti Smart Walkaround, motori Mercury verado da 225HP, barca ideale per una giornata con famiglie e amici\" \/>\n<meta property=\"og:url\" content=\"https:\/\/biboat.net\/es\/producto\/beneteau-flyer\/\" \/>\n<meta property=\"og:site_name\" content=\"Biboat - Noleggio Imbarcazioni\" \/>\n<meta property=\"article:publisher\" content=\"https:\/\/www.facebook.com\/groups\/534026811821590\" \/>\n<meta property=\"article:modified_time\" content=\"2023-05-28T16:45:30+00:00\" \/>\n<meta property=\"og:image\" content=\"https:\/\/biboat.net\/wp-content\/uploads\/2023\/04\/Beneteau-1.png\" \/>\n\t<meta property=\"og:image:width\" content=\"1004\" \/>\n\t<meta property=\"og:image:height\" content=\"670\" \/>\n\t<meta property=\"og:image:type\" content=\"image\/png\" \/>\n<meta name=\"twitter:card\" content=\"summary_large_image\" \/>\n<meta name=\"twitter:label1\" content=\"Tiempo de lectura\" \/>\n\t<meta name=\"twitter:data1\" content=\"1 minuto\" \/>\n<script type=\"application\/ld+json\" class=\"yoast-schema-graph\">{\"@context\":\"https:\/\/schema.org\",\"@graph\":[{\"@type\":\"WebPage\",\"@id\":\"https:\/\/biboat.net\/prodotto\/beneteau-flyer\/\",\"url\":\"https:\/\/biboat.net\/prodotto\/beneteau-flyer\/\",\"name\":\"Beneteau Flyer 9 SPACE deck - Biboat - Noleggio Imbarcazioni\",\"isPartOf\":{\"@id\":\"https:\/\/biboat.net\/#website\"},\"datePublished\":\"2023-04-04T13:09:59+00:00\",\"dateModified\":\"2023-05-28T16:45:30+00:00\",\"description\":\"design sportivo, day-boat accogliente, ampio passavanti Smart Walkaround, motori Mercury verado da 225HP, barca ideale per una giornata con famiglie e amici\",\"breadcrumb\":{\"@id\":\"https:\/\/biboat.net\/prodotto\/beneteau-flyer\/#breadcrumb\"},\"inLanguage\":\"es\",\"potentialAction\":[{\"@type\":\"ReadAction\",\"target\":[\"https:\/\/biboat.net\/prodotto\/beneteau-flyer\/\"]}]},{\"@type\":\"BreadcrumbList\",\"@id\":\"https:\/\/biboat.net\/prodotto\/beneteau-flyer\/#breadcrumb\",\"itemListElement\":[{\"@type\":\"ListItem\",\"position\":1,\"name\":\"Home\",\"item\":\"https:\/\/biboat.net\/\"},{\"@type\":\"ListItem\",\"position\":2,\"name\":\"Prodotti\",\"item\":\"https:\/\/biboat.net\/negozio__trashed\/\"},{\"@type\":\"ListItem\",\"position\":3,\"name\":\"Beneteau Flyer 9 SPACE deck\"}]},{\"@type\":\"WebSite\",\"@id\":\"https:\/\/biboat.net\/#website\",\"url\":\"https:\/\/biboat.net\/\",\"name\":\"Biboat - Noleggio Imbarcazioni\",\"description\":\"\",\"publisher\":{\"@id\":\"https:\/\/biboat.net\/#organization\"},\"potentialAction\":[{\"@type\":\"SearchAction\",\"target\":{\"@type\":\"EntryPoint\",\"urlTemplate\":\"https:\/\/biboat.net\/?s={search_term_string}\"},\"query-input\":\"required name=search_term_string\"}],\"inLanguage\":\"es\"},{\"@type\":\"Organization\",\"@id\":\"https:\/\/biboat.net\/#organization\",\"name\":\"Biboat - Noleggio Imbarcazioni\",\"url\":\"https:\/\/biboat.net\/\",\"logo\":{\"@type\":\"ImageObject\",\"inLanguage\":\"es\",\"@id\":\"https:\/\/biboat.net\/#\/schema\/logo\/image\/\",\"url\":\"https:\/\/biboat.net\/wp-content\/uploads\/2023\/01\/logo_sfondo_colorblue-1.jpg\",\"contentUrl\":\"https:\/\/biboat.net\/wp-content\/uploads\/2023\/01\/logo_sfondo_colorblue-1.jpg\",\"width\":662,\"height\":444,\"caption\":\"Biboat - Noleggio Imbarcazioni\"},\"image\":{\"@id\":\"https:\/\/biboat.net\/#\/schema\/logo\/image\/\"},\"sameAs\":[\"https:\/\/www.facebook.com\/groups\/534026811821590\"]}]}<\/script>\n<!-- \/ Yoast SEO plugin. -->","yoast_head_json":{"title":"Beneteau Flyer 9 SPACE deck - Biboat - Noleggio Imbarcazioni","description":"design sportivo, day-boat accogliente, ampio passavanti Smart Walkaround, motori Mercury verado da 225HP, barca ideale per una giornata con famiglie e amici","robots":{"index":"index","follow":"follow","max-snippet":"max-snippet:-1","max-image-preview":"max-image-preview:large","max-video-preview":"max-video-preview:-1"},"canonical":"https:\/\/biboat.net\/es\/producto\/beneteau-flyer\/","og_locale":"es_ES","og_type":"article","og_title":"Beneteau Flyer 9 SPACE deck - Biboat - Noleggio Imbarcazioni","og_description":"design sportivo, day-boat accogliente, ampio passavanti Smart Walkaround, motori Mercury verado da 225HP, barca ideale per una giornata con famiglie e amici","og_url":"https:\/\/biboat.net\/es\/producto\/beneteau-flyer\/","og_site_name":"Biboat - Noleggio Imbarcazioni","article_publisher":"https:\/\/www.facebook.com\/groups\/534026811821590","article_modified_time":"2023-05-28T16:45:30+00:00","og_image":[{"width":1004,"height":670,"url":"https:\/\/biboat.net\/wp-content\/uploads\/2023\/04\/Beneteau-1.png","type":"image\/png"}],"twitter_card":"summary_large_image","twitter_misc":{"Tiempo de lectura":"1 minuto"},"schema":{"@context":"https:\/\/schema.org","@graph":[{"@type":"WebPage","@id":"https:\/\/biboat.net\/prodotto\/beneteau-flyer\/","url":"https:\/\/biboat.net\/prodotto\/beneteau-flyer\/","name":"Beneteau Flyer 9 SPACE deck - Biboat - Noleggio Imbarcazioni","isPartOf":{"@id":"https:\/\/biboat.net\/#website"},"datePublished":"2023-04-04T13:09:59+00:00","dateModified":"2023-05-28T16:45:30+00:00","description":"design sportivo, day-boat accogliente, ampio passavanti Smart Walkaround, motori Mercury verado da 225HP, barca ideale per una giornata con famiglie e amici","breadcrumb":{"@id":"https:\/\/biboat.net\/prodotto\/beneteau-flyer\/#breadcrumb"},"inLanguage":"es","potentialAction":[{"@type":"ReadAction","target":["https:\/\/biboat.net\/prodotto\/beneteau-flyer\/"]}]},{"@type":"BreadcrumbList","@id":"https:\/\/biboat.net\/prodotto\/beneteau-flyer\/#breadcrumb","itemListElement":[{"@type":"ListItem","position":1,"name":"Home","item":"https:\/\/biboat.net\/"},{"@type":"ListItem","position":2,"name":"Prodotti","item":"https:\/\/biboat.net\/negozio__trashed\/"},{"@type":"ListItem","position":3,"name":"Beneteau Flyer 9 SPACE deck"}]},{"@type":"WebSite","@id":"https:\/\/biboat.net\/#website","url":"https:\/\/biboat.net\/","name":"Biboat - Noleggio Imbarcazioni","description":"","publisher":{"@id":"https:\/\/biboat.net\/#organization"},"potentialAction":[{"@type":"SearchAction","target":{"@type":"EntryPoint","urlTemplate":"https:\/\/biboat.net\/?s={search_term_string}"},"query-input":"required name=search_term_string"}],"inLanguage":"es"},{"@type":"Organization","@id":"https:\/\/biboat.net\/#organization","name":"Biboat - Noleggio Imbarcazioni","url":"https:\/\/biboat.net\/","logo":{"@type":"ImageObject","inLanguage":"es","@id":"https:\/\/biboat.net\/#\/schema\/logo\/image\/","url":"https:\/\/biboat.net\/wp-content\/uploads\/2023\/01\/logo_sfondo_colorblue-1.jpg","contentUrl":"https:\/\/biboat.net\/wp-content\/uploads\/2023\/01\/logo_sfondo_colorblue-1.jpg","width":662,"height":444,"caption":"Biboat - Noleggio Imbarcazioni"},"image":{"@id":"https:\/\/biboat.net\/#\/schema\/logo\/image\/"},"sameAs":["https:\/\/www.facebook.com\/groups\/534026811821590"]}]}},"featured_media_urls":{"thumbnail":["https:\/\/biboat.net\/wp-content\/uploads\/2023\/04\/Beneteau-1-150x150.png",150,150,true],"medium":["https:\/\/biboat.net\/wp-content\/uploads\/2023\/04\/Beneteau-1-300x200.png",300,200,true],"medium_large":["https:\/\/biboat.net\/wp-content\/uploads\/2023\/04\/Beneteau-1-768x513.png",768,513,true],"large":["https:\/\/biboat.net\/wp-content\/uploads\/2023\/04\/Beneteau-1.png",950,634,false],"1536x1536":["https:\/\/biboat.net\/wp-content\/uploads\/2023\/04\/Beneteau-1.png",1004,670,false],"2048x2048":["https:\/\/biboat.net\/wp-content\/uploads\/2023\/04\/Beneteau-1.png",1004,670,false],"trp-custom-language-flag":["https:\/\/biboat.net\/wp-content\/uploads\/2023\/04\/Beneteau-1-18x12.png",18,12,true],"inspiro-featured-image":["https:\/\/biboat.net\/wp-content\/uploads\/2023\/04\/Beneteau-1.png",1004,670,false],"inspiro-loop":["https:\/\/biboat.net\/wp-content\/uploads\/2023\/04\/Beneteau-1-950x320.png",950,320,true],"inspiro-loop@2x":["https:\/\/biboat.net\/wp-content\/uploads\/2023\/04\/Beneteau-1-1004x640.png",1004,640,true],"woocommerce_thumbnail":["https:\/\/biboat.net\/wp-content\/uploads\/2023\/04\/Beneteau-1-300x300.png",300,300,true],"woocommerce_single":["https:\/\/biboat.net\/wp-content\/uploads\/2023\/04\/Beneteau-1-600x400.png",600,400,true],"woocommerce_gallery_thumbnail":["https:\/\/biboat.net\/wp-content\/uploads\/2023\/04\/Beneteau-1-100x100.png",100,100,true],"portfolio_item-thumbnail":["https:\/\/biboat.net\/wp-content\/uploads\/2023\/04\/Beneteau-1-600x400.png",600,400,true],"portfolio_item-masonry":["https:\/\/biboat.net\/wp-content\/uploads\/2023\/04\/Beneteau-1-600x400.png",600,400,true],"portfolio_item-thumbnail_cinema":["https:\/\/biboat.net\/wp-content\/uploads\/2023\/04\/Beneteau-1-800x335.png",800,335,true],"portfolio_item-thumbnail_portrait":["https:\/\/biboat.net\/wp-content\/uploads\/2023\/04\/Beneteau-1-600x670.png",600,670,true],"portfolio_item-thumbnail_square":["https:\/\/biboat.net\/wp-content\/uploads\/2023\/04\/Beneteau-1-800x670.png",800,670,true]},"_links":{"self":[{"href":"https:\/\/biboat.net\/es\/wp-json\/wp\/v2\/product\/7374"}],"collection":[{"href":"https:\/\/biboat.net\/es\/wp-json\/wp\/v2\/product"}],"about":[{"href":"https:\/\/biboat.net\/es\/wp-json\/wp\/v2\/types\/product"}],"replies":[{"embeddable":true,"href":"https:\/\/biboat.net\/es\/wp-json\/wp\/v2\/comments?post=7374"}],"version-history":[{"count":8,"href":"https:\/\/biboat.net\/es\/wp-json\/wp\/v2\/product\/7374\/revisions"}],"predecessor-version":[{"id":7700,"href":"https:\/\/biboat.net\/es\/wp-json\/wp\/v2\/product\/7374\/revisions\/7700"}],"wp:featuredmedia":[{"embeddable":true,"href":"https:\/\/biboat.net\/es\/wp-json\/wp\/v2\/media\/7377"}],"wp:attachment":[{"href":"https:\/\/biboat.net\/es\/wp-json\/wp\/v2\/media?parent=7374"}],"wp:term":[{"taxonomy":"product_cat","embeddable":true,"href":"https:\/\/biboat.net\/es\/wp-json\/wp\/v2\/product_cat?post=7374"},{"taxonomy":"product_tag","embeddable":true,"href":"https:\/\/biboat.net\/es\/wp-json\/wp\/v2\/product_tag?post=7374"}],"curies":[{"name":"wp","href":"https:\/\/api.w.org\/{rel}","templated":true}]}}