{"id":7379,"date":"2023-04-04T15:45:25","date_gmt":"2023-04-04T13:45:25","guid":{"rendered":"https:\/\/biboat.net\/?post_type=product&#038;p=7379"},"modified":"2023-05-28T18:52:34","modified_gmt":"2023-05-28T16:52:34","slug":"salpa-soleil-18-noleggio-parco-delle-cinque-terre","status":"publish","type":"product","link":"https:\/\/biboat.net\/es\/producto\/salpa-soleil-18-noleggio-parco-delle-cinque-terre\/","title":{"rendered":"Salpa Soleil 18"},"content":{"rendered":"<p>Embarcaci\u00f3n neum\u00e1tica nueva, fabricada y entregada en 2022. El \u00faltimo ejemplar de la casa Salpa que completa la gama de embarcaciones neum\u00e1ticas Soleil.<br \/>\nA bordo encontrar\u00e1s todo lo necesario para pasar un d\u00eda maravilloso.<br \/>\nEl casco presenta el paso tradicional que garantiza un rendimiento incre\u00edble, combinado con el nuevo motor Honda, de muy bajo consumo en todas las condiciones.<br \/>\nLa enorme terraza delantera tiene capacidad para 3 personas c\u00f3modamente, al igual que la terraza de popa.<br \/>\nLa consola de direcci\u00f3n descentralizada en el lado de estribor asegura un amplio paso en el lado de babor y se completa con est\u00e9reo Bluetooth, computadora Honda, sistema AIS y tomas USB.<br \/>\nEl toldo de acero ofrece sombra en toda la superficie del bote. La mesa de popa junto con la nevera le permite tomar comidas y bebidas en cualquier momento y en total relajaci\u00f3n.<br \/>\nEl bote tiene la autorizaci\u00f3n de acceso, navegaci\u00f3n y amarre dentro del \u00e1rea marina protegida del Parque Nacional Cinque Terre.<\/p>","protected":false},"excerpt":{"rendered":"<p>Embarcaci\u00f3n neum\u00e1tica nueva, producida y entregada en 2022. \u00daltimo ejemplar de Salpa que completa la gama de embarcaciones neum\u00e1ticas Soleil. A bordo encontrar\u00e1s todo lo necesario para pasar un d\u00eda maravilloso. El casco presenta el paso tradicional que garantiza unas prestaciones incre\u00edbles, combinado con el nuevo motor Honda, de muy bajo consumo en todas las condiciones. El enorme\u2026 <\/p>\n<p class=\"link-more\"><a href=\"https:\/\/biboat.net\/es\/producto\/salpa-soleil-18-noleggio-parco-delle-cinque-terre\/\" class=\"more-link\">Leer m\u00e1s<span class=\"screen-reader-text\"> \u00abSalpa Sol 18\u00bb<\/span><\/a><\/p>","protected":false},"featured_media":7381,"comment_status":"open","ping_status":"closed","template":"","meta":{"_mi_skip_tracking":false,"_monsterinsights_sitenote_active":false,"_monsterinsights_sitenote_note":"","_monsterinsights_sitenote_category":0},"product_cat":[69,68],"product_tag":[78,75,74,77,76],"acf":[],"yoast_head":"<!-- This site is optimized with the Yoast SEO plugin v20.7 - https:\/\/yoast.com\/wordpress\/plugins\/seo\/ -->\n<title>Salpa Soleil 18 - Biboat - Noleggio Imbarcazioni<\/title>\n<meta name=\"description\" content=\"noleggio gommone per visitare il parco delle cinque terre ed ormeggio, Salpa Soleil 18, bassi consumi, prendisole, stereo bluetooth\" \/>\n<meta name=\"robots\" content=\"index, follow, max-snippet:-1, max-image-preview:large, max-video-preview:-1\" \/>\n<link rel=\"canonical\" href=\"https:\/\/biboat.net\/es\/producto\/salpa-soleil-18-noleggio-parco-delle-cinque-terre\/\" \/>\n<meta property=\"og:locale\" content=\"es_ES\" \/>\n<meta property=\"og:type\" content=\"article\" \/>\n<meta property=\"og:title\" content=\"Salpa Soleil 18 - Biboat - Noleggio Imbarcazioni\" \/>\n<meta property=\"og:description\" content=\"noleggio gommone per visitare il parco delle cinque terre ed ormeggio, Salpa Soleil 18, bassi consumi, prendisole, stereo bluetooth\" \/>\n<meta property=\"og:url\" content=\"https:\/\/biboat.net\/es\/producto\/salpa-soleil-18-noleggio-parco-delle-cinque-terre\/\" \/>\n<meta property=\"og:site_name\" content=\"Biboat - Noleggio Imbarcazioni\" \/>\n<meta property=\"article:publisher\" content=\"https:\/\/www.facebook.com\/groups\/534026811821590\" \/>\n<meta property=\"article:modified_time\" content=\"2023-05-28T16:52:34+00:00\" \/>\n<meta property=\"og:image\" content=\"https:\/\/biboat.net\/wp-content\/uploads\/2023\/04\/salpa_soleil_18_2.png\" \/>\n\t<meta property=\"og:image:width\" content=\"1004\" \/>\n\t<meta property=\"og:image:height\" content=\"1004\" \/>\n\t<meta property=\"og:image:type\" content=\"image\/png\" \/>\n<meta name=\"twitter:card\" content=\"summary_large_image\" \/>\n<meta name=\"twitter:label1\" content=\"Tiempo de lectura\" \/>\n\t<meta name=\"twitter:data1\" content=\"1 minuto\" \/>\n<script type=\"application\/ld+json\" class=\"yoast-schema-graph\">{\"@context\":\"https:\/\/schema.org\",\"@graph\":[{\"@type\":\"WebPage\",\"@id\":\"https:\/\/biboat.net\/prodotto\/salpa-soleil-18-noleggio-parco-delle-cinque-terre\/\",\"url\":\"https:\/\/biboat.net\/prodotto\/salpa-soleil-18-noleggio-parco-delle-cinque-terre\/\",\"name\":\"Salpa Soleil 18 - Biboat - Noleggio Imbarcazioni\",\"isPartOf\":{\"@id\":\"https:\/\/biboat.net\/#website\"},\"datePublished\":\"2023-04-04T13:45:25+00:00\",\"dateModified\":\"2023-05-28T16:52:34+00:00\",\"description\":\"noleggio gommone per visitare il parco delle cinque terre ed ormeggio, Salpa Soleil 18, bassi consumi, prendisole, stereo bluetooth\",\"breadcrumb\":{\"@id\":\"https:\/\/biboat.net\/prodotto\/salpa-soleil-18-noleggio-parco-delle-cinque-terre\/#breadcrumb\"},\"inLanguage\":\"es\",\"potentialAction\":[{\"@type\":\"ReadAction\",\"target\":[\"https:\/\/biboat.net\/prodotto\/salpa-soleil-18-noleggio-parco-delle-cinque-terre\/\"]}]},{\"@type\":\"BreadcrumbList\",\"@id\":\"https:\/\/biboat.net\/prodotto\/salpa-soleil-18-noleggio-parco-delle-cinque-terre\/#breadcrumb\",\"itemListElement\":[{\"@type\":\"ListItem\",\"position\":1,\"name\":\"Home\",\"item\":\"https:\/\/biboat.net\/\"},{\"@type\":\"ListItem\",\"position\":2,\"name\":\"Prodotti\",\"item\":\"https:\/\/biboat.net\/negozio__trashed\/\"},{\"@type\":\"ListItem\",\"position\":3,\"name\":\"Salpa Soleil 18\"}]},{\"@type\":\"WebSite\",\"@id\":\"https:\/\/biboat.net\/#website\",\"url\":\"https:\/\/biboat.net\/\",\"name\":\"Biboat - Noleggio Imbarcazioni\",\"description\":\"\",\"publisher\":{\"@id\":\"https:\/\/biboat.net\/#organization\"},\"potentialAction\":[{\"@type\":\"SearchAction\",\"target\":{\"@type\":\"EntryPoint\",\"urlTemplate\":\"https:\/\/biboat.net\/?s={search_term_string}\"},\"query-input\":\"required name=search_term_string\"}],\"inLanguage\":\"es\"},{\"@type\":\"Organization\",\"@id\":\"https:\/\/biboat.net\/#organization\",\"name\":\"Biboat - Noleggio Imbarcazioni\",\"url\":\"https:\/\/biboat.net\/\",\"logo\":{\"@type\":\"ImageObject\",\"inLanguage\":\"es\",\"@id\":\"https:\/\/biboat.net\/#\/schema\/logo\/image\/\",\"url\":\"https:\/\/biboat.net\/wp-content\/uploads\/2023\/01\/logo_sfondo_colorblue-1.jpg\",\"contentUrl\":\"https:\/\/biboat.net\/wp-content\/uploads\/2023\/01\/logo_sfondo_colorblue-1.jpg\",\"width\":662,\"height\":444,\"caption\":\"Biboat - Noleggio Imbarcazioni\"},\"image\":{\"@id\":\"https:\/\/biboat.net\/#\/schema\/logo\/image\/\"},\"sameAs\":[\"https:\/\/www.facebook.com\/groups\/534026811821590\"]}]}<\/script>\n<!-- \/ Yoast SEO plugin. -->","yoast_head_json":{"title":"Salpa Soleil 18 - Biboat - Noleggio Imbarcazioni","description":"noleggio gommone per visitare il parco delle cinque terre ed ormeggio, Salpa Soleil 18, bassi consumi, prendisole, stereo bluetooth","robots":{"index":"index","follow":"follow","max-snippet":"max-snippet:-1","max-image-preview":"max-image-preview:large","max-video-preview":"max-video-preview:-1"},"canonical":"https:\/\/biboat.net\/es\/producto\/salpa-soleil-18-noleggio-parco-delle-cinque-terre\/","og_locale":"es_ES","og_type":"article","og_title":"Salpa Soleil 18 - Biboat - Noleggio Imbarcazioni","og_description":"noleggio gommone per visitare il parco delle cinque terre ed ormeggio, Salpa Soleil 18, bassi consumi, prendisole, stereo bluetooth","og_url":"https:\/\/biboat.net\/es\/producto\/salpa-soleil-18-noleggio-parco-delle-cinque-terre\/","og_site_name":"Biboat - Noleggio Imbarcazioni","article_publisher":"https:\/\/www.facebook.com\/groups\/534026811821590","article_modified_time":"2023-05-28T16:52:34+00:00","og_image":[{"width":1004,"height":1004,"url":"https:\/\/biboat.net\/wp-content\/uploads\/2023\/04\/salpa_soleil_18_2.png","type":"image\/png"}],"twitter_card":"summary_large_image","twitter_misc":{"Tiempo de lectura":"1 minuto"},"schema":{"@context":"https:\/\/schema.org","@graph":[{"@type":"WebPage","@id":"https:\/\/biboat.net\/prodotto\/salpa-soleil-18-noleggio-parco-delle-cinque-terre\/","url":"https:\/\/biboat.net\/prodotto\/salpa-soleil-18-noleggio-parco-delle-cinque-terre\/","name":"Salpa Soleil 18 - Biboat - Noleggio Imbarcazioni","isPartOf":{"@id":"https:\/\/biboat.net\/#website"},"datePublished":"2023-04-04T13:45:25+00:00","dateModified":"2023-05-28T16:52:34+00:00","description":"noleggio gommone per visitare il parco delle cinque terre ed ormeggio, Salpa Soleil 18, bassi consumi, prendisole, stereo bluetooth","breadcrumb":{"@id":"https:\/\/biboat.net\/prodotto\/salpa-soleil-18-noleggio-parco-delle-cinque-terre\/#breadcrumb"},"inLanguage":"es","potentialAction":[{"@type":"ReadAction","target":["https:\/\/biboat.net\/prodotto\/salpa-soleil-18-noleggio-parco-delle-cinque-terre\/"]}]},{"@type":"BreadcrumbList","@id":"https:\/\/biboat.net\/prodotto\/salpa-soleil-18-noleggio-parco-delle-cinque-terre\/#breadcrumb","itemListElement":[{"@type":"ListItem","position":1,"name":"Home","item":"https:\/\/biboat.net\/"},{"@type":"ListItem","position":2,"name":"Prodotti","item":"https:\/\/biboat.net\/negozio__trashed\/"},{"@type":"ListItem","position":3,"name":"Salpa Soleil 18"}]},{"@type":"WebSite","@id":"https:\/\/biboat.net\/#website","url":"https:\/\/biboat.net\/","name":"Biboat - Noleggio Imbarcazioni","description":"","publisher":{"@id":"https:\/\/biboat.net\/#organization"},"potentialAction":[{"@type":"SearchAction","target":{"@type":"EntryPoint","urlTemplate":"https:\/\/biboat.net\/?s={search_term_string}"},"query-input":"required name=search_term_string"}],"inLanguage":"es"},{"@type":"Organization","@id":"https:\/\/biboat.net\/#organization","name":"Biboat - Noleggio Imbarcazioni","url":"https:\/\/biboat.net\/","logo":{"@type":"ImageObject","inLanguage":"es","@id":"https:\/\/biboat.net\/#\/schema\/logo\/image\/","url":"https:\/\/biboat.net\/wp-content\/uploads\/2023\/01\/logo_sfondo_colorblue-1.jpg","contentUrl":"https:\/\/biboat.net\/wp-content\/uploads\/2023\/01\/logo_sfondo_colorblue-1.jpg","width":662,"height":444,"caption":"Biboat - Noleggio Imbarcazioni"},"image":{"@id":"https:\/\/biboat.net\/#\/schema\/logo\/image\/"},"sameAs":["https:\/\/www.facebook.com\/groups\/534026811821590"]}]}},"featured_media_urls":{"thumbnail":["https:\/\/biboat.net\/wp-content\/uploads\/2023\/04\/salpa_soleil_18_2-150x150.png",150,150,true],"medium":["https:\/\/biboat.net\/wp-content\/uploads\/2023\/04\/salpa_soleil_18_2-300x300.png",300,300,true],"medium_large":["https:\/\/biboat.net\/wp-content\/uploads\/2023\/04\/salpa_soleil_18_2-768x768.png",768,768,true],"large":["https:\/\/biboat.net\/wp-content\/uploads\/2023\/04\/salpa_soleil_18_2.png",950,950,false],"1536x1536":["https:\/\/biboat.net\/wp-content\/uploads\/2023\/04\/salpa_soleil_18_2.png",1004,1004,false],"2048x2048":["https:\/\/biboat.net\/wp-content\/uploads\/2023\/04\/salpa_soleil_18_2.png",1004,1004,false],"trp-custom-language-flag":["https:\/\/biboat.net\/wp-content\/uploads\/2023\/04\/salpa_soleil_18_2-12x12.png",12,12,true],"inspiro-featured-image":["https:\/\/biboat.net\/wp-content\/uploads\/2023\/04\/salpa_soleil_18_2.png",1004,1004,false],"inspiro-loop":["https:\/\/biboat.net\/wp-content\/uploads\/2023\/04\/salpa_soleil_18_2-950x320.png",950,320,true],"inspiro-loop@2x":["https:\/\/biboat.net\/wp-content\/uploads\/2023\/04\/salpa_soleil_18_2-1004x640.png",1004,640,true],"woocommerce_thumbnail":["https:\/\/biboat.net\/wp-content\/uploads\/2023\/04\/salpa_soleil_18_2-300x300.png",300,300,true],"woocommerce_single":["https:\/\/biboat.net\/wp-content\/uploads\/2023\/04\/salpa_soleil_18_2-600x600.png",600,600,true],"woocommerce_gallery_thumbnail":["https:\/\/biboat.net\/wp-content\/uploads\/2023\/04\/salpa_soleil_18_2-100x100.png",100,100,true],"portfolio_item-thumbnail":["https:\/\/biboat.net\/wp-content\/uploads\/2023\/04\/salpa_soleil_18_2-600x400.png",600,400,true],"portfolio_item-masonry":["https:\/\/biboat.net\/wp-content\/uploads\/2023\/04\/salpa_soleil_18_2-600x600.png",600,600,true],"portfolio_item-thumbnail_cinema":["https:\/\/biboat.net\/wp-content\/uploads\/2023\/04\/salpa_soleil_18_2-800x335.png",800,335,true],"portfolio_item-thumbnail_portrait":["https:\/\/biboat.net\/wp-content\/uploads\/2023\/04\/salpa_soleil_18_2-600x900.png",600,900,true],"portfolio_item-thumbnail_square":["https:\/\/biboat.net\/wp-content\/uploads\/2023\/04\/salpa_soleil_18_2-800x800.png",800,800,true]},"_links":{"self":[{"href":"https:\/\/biboat.net\/es\/wp-json\/wp\/v2\/product\/7379"}],"collection":[{"href":"https:\/\/biboat.net\/es\/wp-json\/wp\/v2\/product"}],"about":[{"href":"https:\/\/biboat.net\/es\/wp-json\/wp\/v2\/types\/product"}],"replies":[{"embeddable":true,"href":"https:\/\/biboat.net\/es\/wp-json\/wp\/v2\/comments?post=7379"}],"version-history":[{"count":5,"href":"https:\/\/biboat.net\/es\/wp-json\/wp\/v2\/product\/7379\/revisions"}],"predecessor-version":[{"id":8255,"href":"https:\/\/biboat.net\/es\/wp-json\/wp\/v2\/product\/7379\/revisions\/8255"}],"wp:featuredmedia":[{"embeddable":true,"href":"https:\/\/biboat.net\/es\/wp-json\/wp\/v2\/media\/7381"}],"wp:attachment":[{"href":"https:\/\/biboat.net\/es\/wp-json\/wp\/v2\/media?parent=7379"}],"wp:term":[{"taxonomy":"product_cat","embeddable":true,"href":"https:\/\/biboat.net\/es\/wp-json\/wp\/v2\/product_cat?post=7379"},{"taxonomy":"product_tag","embeddable":true,"href":"https:\/\/biboat.net\/es\/wp-json\/wp\/v2\/product_tag?post=7379"}],"curies":[{"name":"wp","href":"https:\/\/api.w.org\/{rel}","templated":true}]}}