{"id":7419,"date":"2023-04-08T17:32:36","date_gmt":"2023-04-08T15:32:36","guid":{"rendered":"https:\/\/biboat.net\/?post_type=product&#038;p=7419"},"modified":"2023-05-15T19:43:14","modified_gmt":"2023-05-15T17:43:14","slug":"salpa-sunsix","status":"publish","type":"product","link":"https:\/\/biboat.net\/es\/producto\/salpa-sunsix\/","title":{"rendered":"Salpa Sunsix"},"content":{"rendered":"<p>El Sunsix destaca por sus excelentes calidades de construcci\u00f3n y la obsesiva atenci\u00f3n al detalle por parte de Astilleros Salpa, que invitan a subir a bordo y dan muchas ganas de navegar y pasar agradables d\u00edas en el mar en familia o con amigos.<br \/>\nEste espl\u00e9ndido barco est\u00e1 equipado con todo tipo de comodidades: desde la timonera hidr\u00e1ulica, pasando por el fregadero, pasando por el puesto de conducci\u00f3n regulable con ri\u00f1onera sin olvidar la mesa abatible, la ducha, el toldo con arcos de acero, el molinete el\u00e9ctrico, el equipo de m\u00fasica Bluetooth. , mini-bar y GPS Garmin y sonda.<br \/>\nEl Sunsix tambi\u00e9n cuenta con un gran sol\u00e1rium que se extiende por toda la zona de proa proporcionando una c\u00f3moda y exclusiva zona de sol\u00e1rium, capaz de satisfacer hasta a los navegantes m\u00e1s exigentes, mientras que en popa encontramos un c\u00f3modo asiento modular y deslizante que se puede transformar en zona de estar. vestido de verano<br \/>\nLa popa se enriquece con la presencia de 2 plataformas de ba\u00f1o integradas que son esenciales para el buceo y para el amarre en el muelle, mientras que la escalera de embarque de acero debajo de las plataformas es muy \u00fatil, lo que facilita el acceso a bordo desde el mar.<br \/>\nLa embarcaci\u00f3n cuenta con autorizaci\u00f3n de acceso, navegaci\u00f3n y amarre dentro del \u00e1rea marina protegida del Parque Nacional Cinque Terre.<\/p>","protected":false},"excerpt":{"rendered":"<p>El Sunsix destaca por sus excelentes calidades de construcci\u00f3n y el obsesivo cuidado por el detalle por parte del astillero Salpa, que invitan a subir a bordo y te dan muchas ganas de navegar y pasar agradables d\u00edas navegando en familia o con amigos. Este espl\u00e9ndido barco est\u00e1 equipado con todos\u2026 <\/p>\n<p class=\"link-more\"><a href=\"https:\/\/biboat.net\/es\/producto\/salpa-sunsix\/\" class=\"more-link\">Leer m\u00e1s<span class=\"screen-reader-text\"> \u00abSalpa Sunsix\u00bb<\/span><\/a><\/p>","protected":false},"featured_media":7422,"comment_status":"open","ping_status":"closed","template":"","meta":{"_mi_skip_tracking":false,"_monsterinsights_sitenote_active":false,"_monsterinsights_sitenote_note":"","_monsterinsights_sitenote_category":0},"product_cat":[71,68],"product_tag":[78,75,74,77,76],"acf":[],"yoast_head":"<!-- This site is optimized with the Yoast SEO plugin v20.7 - https:\/\/yoast.com\/wordpress\/plugins\/seo\/ -->\n<title>Salpa Sunsix - Biboat - Noleggio Imbarcazioni<\/title>\n<meta name=\"description\" content=\"noleggio gommone per visitare il parco delle cinque terre ed ormeggio, Salpa Soleil 18, bassi consumi, prendisole, stereo bluetooth\" \/>\n<meta name=\"robots\" content=\"index, follow, max-snippet:-1, max-image-preview:large, max-video-preview:-1\" \/>\n<link rel=\"canonical\" href=\"https:\/\/biboat.net\/es\/producto\/salpa-sunsix\/\" \/>\n<meta property=\"og:locale\" content=\"es_ES\" \/>\n<meta property=\"og:type\" content=\"article\" \/>\n<meta property=\"og:title\" content=\"Salpa Sunsix - Biboat - Noleggio Imbarcazioni\" \/>\n<meta property=\"og:description\" content=\"noleggio gommone per visitare il parco delle cinque terre ed ormeggio, Salpa Soleil 18, bassi consumi, prendisole, stereo bluetooth\" \/>\n<meta property=\"og:url\" content=\"https:\/\/biboat.net\/es\/producto\/salpa-sunsix\/\" \/>\n<meta property=\"og:site_name\" content=\"Biboat - Noleggio Imbarcazioni\" \/>\n<meta property=\"article:publisher\" content=\"https:\/\/www.facebook.com\/groups\/534026811821590\" \/>\n<meta property=\"article:modified_time\" content=\"2023-05-15T17:43:14+00:00\" \/>\n<meta property=\"og:image\" content=\"https:\/\/biboat.net\/wp-content\/uploads\/2023\/04\/Salpa_sansix2.png\" \/>\n\t<meta property=\"og:image:width\" content=\"1004\" \/>\n\t<meta property=\"og:image:height\" content=\"1004\" \/>\n\t<meta property=\"og:image:type\" content=\"image\/png\" \/>\n<meta name=\"twitter:card\" content=\"summary_large_image\" \/>\n<meta name=\"twitter:label1\" content=\"Tiempo de lectura\" \/>\n\t<meta name=\"twitter:data1\" content=\"2 minutos\" \/>\n<script type=\"application\/ld+json\" class=\"yoast-schema-graph\">{\"@context\":\"https:\/\/schema.org\",\"@graph\":[{\"@type\":\"WebPage\",\"@id\":\"https:\/\/biboat.net\/prodotto\/salpa-sunsix\/\",\"url\":\"https:\/\/biboat.net\/prodotto\/salpa-sunsix\/\",\"name\":\"Salpa Sunsix - Biboat - Noleggio Imbarcazioni\",\"isPartOf\":{\"@id\":\"https:\/\/biboat.net\/#website\"},\"datePublished\":\"2023-04-08T15:32:36+00:00\",\"dateModified\":\"2023-05-15T17:43:14+00:00\",\"description\":\"noleggio gommone per visitare il parco delle cinque terre ed ormeggio, Salpa Soleil 18, bassi consumi, prendisole, stereo bluetooth\",\"breadcrumb\":{\"@id\":\"https:\/\/biboat.net\/prodotto\/salpa-sunsix\/#breadcrumb\"},\"inLanguage\":\"es\",\"potentialAction\":[{\"@type\":\"ReadAction\",\"target\":[\"https:\/\/biboat.net\/prodotto\/salpa-sunsix\/\"]}]},{\"@type\":\"BreadcrumbList\",\"@id\":\"https:\/\/biboat.net\/prodotto\/salpa-sunsix\/#breadcrumb\",\"itemListElement\":[{\"@type\":\"ListItem\",\"position\":1,\"name\":\"Home\",\"item\":\"https:\/\/biboat.net\/\"},{\"@type\":\"ListItem\",\"position\":2,\"name\":\"Prodotti\",\"item\":\"https:\/\/biboat.net\/negozio__trashed\/\"},{\"@type\":\"ListItem\",\"position\":3,\"name\":\"Salpa Sunsix\"}]},{\"@type\":\"WebSite\",\"@id\":\"https:\/\/biboat.net\/#website\",\"url\":\"https:\/\/biboat.net\/\",\"name\":\"Biboat - Noleggio Imbarcazioni\",\"description\":\"\",\"publisher\":{\"@id\":\"https:\/\/biboat.net\/#organization\"},\"potentialAction\":[{\"@type\":\"SearchAction\",\"target\":{\"@type\":\"EntryPoint\",\"urlTemplate\":\"https:\/\/biboat.net\/?s={search_term_string}\"},\"query-input\":\"required name=search_term_string\"}],\"inLanguage\":\"es\"},{\"@type\":\"Organization\",\"@id\":\"https:\/\/biboat.net\/#organization\",\"name\":\"Biboat - Noleggio Imbarcazioni\",\"url\":\"https:\/\/biboat.net\/\",\"logo\":{\"@type\":\"ImageObject\",\"inLanguage\":\"es\",\"@id\":\"https:\/\/biboat.net\/#\/schema\/logo\/image\/\",\"url\":\"https:\/\/biboat.net\/wp-content\/uploads\/2023\/01\/logo_sfondo_colorblue-1.jpg\",\"contentUrl\":\"https:\/\/biboat.net\/wp-content\/uploads\/2023\/01\/logo_sfondo_colorblue-1.jpg\",\"width\":662,\"height\":444,\"caption\":\"Biboat - Noleggio Imbarcazioni\"},\"image\":{\"@id\":\"https:\/\/biboat.net\/#\/schema\/logo\/image\/\"},\"sameAs\":[\"https:\/\/www.facebook.com\/groups\/534026811821590\"]}]}<\/script>\n<!-- \/ Yoast SEO plugin. -->","yoast_head_json":{"title":"Salpa Sunsix - Biboat - Noleggio Imbarcazioni","description":"noleggio gommone per visitare il parco delle cinque terre ed ormeggio, Salpa Soleil 18, bassi consumi, prendisole, stereo bluetooth","robots":{"index":"index","follow":"follow","max-snippet":"max-snippet:-1","max-image-preview":"max-image-preview:large","max-video-preview":"max-video-preview:-1"},"canonical":"https:\/\/biboat.net\/es\/producto\/salpa-sunsix\/","og_locale":"es_ES","og_type":"article","og_title":"Salpa Sunsix - Biboat - Noleggio Imbarcazioni","og_description":"noleggio gommone per visitare il parco delle cinque terre ed ormeggio, Salpa Soleil 18, bassi consumi, prendisole, stereo bluetooth","og_url":"https:\/\/biboat.net\/es\/producto\/salpa-sunsix\/","og_site_name":"Biboat - Noleggio Imbarcazioni","article_publisher":"https:\/\/www.facebook.com\/groups\/534026811821590","article_modified_time":"2023-05-15T17:43:14+00:00","og_image":[{"width":1004,"height":1004,"url":"https:\/\/biboat.net\/wp-content\/uploads\/2023\/04\/Salpa_sansix2.png","type":"image\/png"}],"twitter_card":"summary_large_image","twitter_misc":{"Tiempo de lectura":"2 minutos"},"schema":{"@context":"https:\/\/schema.org","@graph":[{"@type":"WebPage","@id":"https:\/\/biboat.net\/prodotto\/salpa-sunsix\/","url":"https:\/\/biboat.net\/prodotto\/salpa-sunsix\/","name":"Salpa Sunsix - Biboat - Noleggio Imbarcazioni","isPartOf":{"@id":"https:\/\/biboat.net\/#website"},"datePublished":"2023-04-08T15:32:36+00:00","dateModified":"2023-05-15T17:43:14+00:00","description":"noleggio gommone per visitare il parco delle cinque terre ed ormeggio, Salpa Soleil 18, bassi consumi, prendisole, stereo bluetooth","breadcrumb":{"@id":"https:\/\/biboat.net\/prodotto\/salpa-sunsix\/#breadcrumb"},"inLanguage":"es","potentialAction":[{"@type":"ReadAction","target":["https:\/\/biboat.net\/prodotto\/salpa-sunsix\/"]}]},{"@type":"BreadcrumbList","@id":"https:\/\/biboat.net\/prodotto\/salpa-sunsix\/#breadcrumb","itemListElement":[{"@type":"ListItem","position":1,"name":"Home","item":"https:\/\/biboat.net\/"},{"@type":"ListItem","position":2,"name":"Prodotti","item":"https:\/\/biboat.net\/negozio__trashed\/"},{"@type":"ListItem","position":3,"name":"Salpa Sunsix"}]},{"@type":"WebSite","@id":"https:\/\/biboat.net\/#website","url":"https:\/\/biboat.net\/","name":"Biboat - Noleggio Imbarcazioni","description":"","publisher":{"@id":"https:\/\/biboat.net\/#organization"},"potentialAction":[{"@type":"SearchAction","target":{"@type":"EntryPoint","urlTemplate":"https:\/\/biboat.net\/?s={search_term_string}"},"query-input":"required name=search_term_string"}],"inLanguage":"es"},{"@type":"Organization","@id":"https:\/\/biboat.net\/#organization","name":"Biboat - Noleggio Imbarcazioni","url":"https:\/\/biboat.net\/","logo":{"@type":"ImageObject","inLanguage":"es","@id":"https:\/\/biboat.net\/#\/schema\/logo\/image\/","url":"https:\/\/biboat.net\/wp-content\/uploads\/2023\/01\/logo_sfondo_colorblue-1.jpg","contentUrl":"https:\/\/biboat.net\/wp-content\/uploads\/2023\/01\/logo_sfondo_colorblue-1.jpg","width":662,"height":444,"caption":"Biboat - Noleggio Imbarcazioni"},"image":{"@id":"https:\/\/biboat.net\/#\/schema\/logo\/image\/"},"sameAs":["https:\/\/www.facebook.com\/groups\/534026811821590"]}]}},"featured_media_urls":{"thumbnail":["https:\/\/biboat.net\/wp-content\/uploads\/2023\/04\/Salpa_sansix2-150x150.png",150,150,true],"medium":["https:\/\/biboat.net\/wp-content\/uploads\/2023\/04\/Salpa_sansix2-300x300.png",300,300,true],"medium_large":["https:\/\/biboat.net\/wp-content\/uploads\/2023\/04\/Salpa_sansix2-768x768.png",768,768,true],"large":["https:\/\/biboat.net\/wp-content\/uploads\/2023\/04\/Salpa_sansix2.png",950,950,false],"1536x1536":["https:\/\/biboat.net\/wp-content\/uploads\/2023\/04\/Salpa_sansix2.png",1004,1004,false],"2048x2048":["https:\/\/biboat.net\/wp-content\/uploads\/2023\/04\/Salpa_sansix2.png",1004,1004,false],"trp-custom-language-flag":["https:\/\/biboat.net\/wp-content\/uploads\/2023\/04\/Salpa_sansix2-12x12.png",12,12,true],"inspiro-featured-image":["https:\/\/biboat.net\/wp-content\/uploads\/2023\/04\/Salpa_sansix2.png",1004,1004,false],"inspiro-loop":["https:\/\/biboat.net\/wp-content\/uploads\/2023\/04\/Salpa_sansix2-950x320.png",950,320,true],"inspiro-loop@2x":["https:\/\/biboat.net\/wp-content\/uploads\/2023\/04\/Salpa_sansix2-1004x640.png",1004,640,true],"woocommerce_thumbnail":["https:\/\/biboat.net\/wp-content\/uploads\/2023\/04\/Salpa_sansix2-300x300.png",300,300,true],"woocommerce_single":["https:\/\/biboat.net\/wp-content\/uploads\/2023\/04\/Salpa_sansix2-600x600.png",600,600,true],"woocommerce_gallery_thumbnail":["https:\/\/biboat.net\/wp-content\/uploads\/2023\/04\/Salpa_sansix2-100x100.png",100,100,true],"portfolio_item-thumbnail":["https:\/\/biboat.net\/wp-content\/uploads\/2023\/04\/Salpa_sansix2-600x400.png",600,400,true],"portfolio_item-masonry":["https:\/\/biboat.net\/wp-content\/uploads\/2023\/04\/Salpa_sansix2-600x600.png",600,600,true],"portfolio_item-thumbnail_cinema":["https:\/\/biboat.net\/wp-content\/uploads\/2023\/04\/Salpa_sansix2-800x335.png",800,335,true],"portfolio_item-thumbnail_portrait":["https:\/\/biboat.net\/wp-content\/uploads\/2023\/04\/Salpa_sansix2-600x900.png",600,900,true],"portfolio_item-thumbnail_square":["https:\/\/biboat.net\/wp-content\/uploads\/2023\/04\/Salpa_sansix2-800x800.png",800,800,true]},"_links":{"self":[{"href":"https:\/\/biboat.net\/es\/wp-json\/wp\/v2\/product\/7419"}],"collection":[{"href":"https:\/\/biboat.net\/es\/wp-json\/wp\/v2\/product"}],"about":[{"href":"https:\/\/biboat.net\/es\/wp-json\/wp\/v2\/types\/product"}],"replies":[{"embeddable":true,"href":"https:\/\/biboat.net\/es\/wp-json\/wp\/v2\/comments?post=7419"}],"version-history":[{"count":2,"href":"https:\/\/biboat.net\/es\/wp-json\/wp\/v2\/product\/7419\/revisions"}],"predecessor-version":[{"id":7704,"href":"https:\/\/biboat.net\/es\/wp-json\/wp\/v2\/product\/7419\/revisions\/7704"}],"wp:featuredmedia":[{"embeddable":true,"href":"https:\/\/biboat.net\/es\/wp-json\/wp\/v2\/media\/7422"}],"wp:attachment":[{"href":"https:\/\/biboat.net\/es\/wp-json\/wp\/v2\/media?parent=7419"}],"wp:term":[{"taxonomy":"product_cat","embeddable":true,"href":"https:\/\/biboat.net\/es\/wp-json\/wp\/v2\/product_cat?post=7419"},{"taxonomy":"product_tag","embeddable":true,"href":"https:\/\/biboat.net\/es\/wp-json\/wp\/v2\/product_tag?post=7419"}],"curies":[{"name":"wp","href":"https:\/\/api.w.org\/{rel}","templated":true}]}}