{"id":6924,"date":"2023-02-02T21:22:21","date_gmt":"2023-02-02T20:22:21","guid":{"rendered":"https:\/\/biboat.net\/?post_type=product&#038;p=6924"},"modified":"2023-05-14T15:14:44","modified_gmt":"2023-05-14T13:14:44","slug":"bluline-cinque-terre-noleggio","status":"publish","type":"product","link":"https:\/\/biboat.net\/fr\/produit\/bluline-cinque-terre-noleggio\/","title":{"rendered":"Bluline2"},"content":{"rendered":"<p>Bienvenue \u00e0 bord de notre Blumax ! Bateau parfait pour explorer la magnifique c\u00f4te ligurienne avec vos amis et votre famille. Le bateau est situ\u00e9 au port Mirabello de La Spezia. Le bateau mesure 5,70 m\u00e8tres de long et monte un moteur de 40 chevaux, il peut donc \u00e9galement \u00eatre conduit par ceux qui n&#039;ont pas de permis bateau. Blumax peut accueillir confortablement jusqu&#039;\u00e0 6 personnes maximum. \u00c0 bord, il dispose d&#039;un auvent, d&#039;un bain de soleil avant et de tout l&#039;\u00e9quipement de bord pour la navigation \u00e0 moins de 3 milles. Le port Mirabello de La Spezia dispose d&#039;un parking interne payant, au prix de 1,00 \u20ac de l&#039;heure. De La Spezia, vous pouvez rejoindre des destinations telles que Portovenere et l&#039;\u00eele de Palmaria et en naviguant vers l&#039;ouest depuis le port de La Spezia, vous pouvez rejoindre Lerici et Tellaro; En quittant le Golfe vous vous dirigez vers Le Grazie o\u00f9 circulent quelques-uns des plus beaux voiliers actuellement en circulation.Vous longerez toute la c\u00f4te du Golfe des Po\u00e8tes, o\u00f9 vous pourrez admirer Tellaro, Fiascherino, Lerici et les \u00eeles de Palamaria : Tino et Tinetto. Nous vous attendons \u00e0 bord ! pour plus d&#039;informations contactez moi\u2026.<\/p>","protected":false},"excerpt":{"rendered":"<p>Bienvenue \u00e0 bord de notre Blumax ! Bateau parfait pour explorer la magnifique c\u00f4te ligurienne avec vos amis et votre famille. Le bateau est situ\u00e9 au port Mirabello de La Spezia. Le bateau mesure 5,70 m\u00e8tres de long et monte un moteur de 40 chevaux, il peut donc \u00e9galement \u00eatre conduit par ceux qui ne le sont pas\u2026 <\/p>\n<p class=\"link-more\"><a href=\"https:\/\/biboat.net\/fr\/produit\/bluline-cinque-terre-noleggio\/\" class=\"more-link\">Lire la suite de<span class=\"screen-reader-text\">\u00ab Bluline2 \u00bb<\/span><\/a><\/p>","protected":false},"featured_media":7389,"comment_status":"open","ping_status":"closed","template":"","meta":{"_mi_skip_tracking":false,"_monsterinsights_sitenote_active":false,"_monsterinsights_sitenote_note":"","_monsterinsights_sitenote_category":0},"product_cat":[69,68],"product_tag":[94,74,77,76,93],"acf":[],"yoast_head":"<!-- This site is optimized with the Yoast SEO plugin v20.7 - https:\/\/yoast.com\/wordpress\/plugins\/seo\/ -->\n<title>Bluline2 - Biboat - Noleggio Imbarcazioni<\/title>\n<meta name=\"description\" content=\"bluline barca per sei persone, noleggio tour Cinque Terre e tour del golfo di La Spezia, noleggio ideale per amici e famiglia\" \/>\n<meta name=\"robots\" content=\"index, follow, max-snippet:-1, max-image-preview:large, max-video-preview:-1\" \/>\n<link rel=\"canonical\" href=\"https:\/\/biboat.net\/fr\/produit\/bluline-cinque-terre-noleggio\/\" \/>\n<meta property=\"og:locale\" content=\"fr_FR\" \/>\n<meta property=\"og:type\" content=\"article\" \/>\n<meta property=\"og:title\" content=\"Bluline2 - Biboat - Noleggio Imbarcazioni\" \/>\n<meta property=\"og:description\" content=\"bluline barca per sei persone, noleggio tour Cinque Terre e tour del golfo di La Spezia, noleggio ideale per amici e famiglia\" \/>\n<meta property=\"og:url\" content=\"https:\/\/biboat.net\/fr\/produit\/bluline-cinque-terre-noleggio\/\" \/>\n<meta property=\"og:site_name\" content=\"Biboat - Noleggio Imbarcazioni\" \/>\n<meta property=\"article:publisher\" content=\"https:\/\/www.facebook.com\/groups\/534026811821590\" \/>\n<meta property=\"article:modified_time\" content=\"2023-05-14T13:14:44+00:00\" \/>\n<meta property=\"og:image\" content=\"https:\/\/biboat.net\/wp-content\/uploads\/2023\/01\/bluline-1.jpg\" \/>\n\t<meta property=\"og:image:width\" content=\"899\" \/>\n\t<meta property=\"og:image:height\" content=\"1599\" \/>\n\t<meta property=\"og:image:type\" content=\"image\/jpeg\" \/>\n<meta name=\"twitter:card\" content=\"summary_large_image\" \/>\n<meta name=\"twitter:label1\" content=\"Dur\u00e9e de lecture estim\u00e9e\" \/>\n\t<meta name=\"twitter:data1\" content=\"1 minute\" \/>\n<script type=\"application\/ld+json\" class=\"yoast-schema-graph\">{\"@context\":\"https:\/\/schema.org\",\"@graph\":[{\"@type\":\"WebPage\",\"@id\":\"https:\/\/biboat.net\/prodotto\/bluline-cinque-terre-noleggio\/\",\"url\":\"https:\/\/biboat.net\/prodotto\/bluline-cinque-terre-noleggio\/\",\"name\":\"Bluline2 - Biboat - Noleggio Imbarcazioni\",\"isPartOf\":{\"@id\":\"https:\/\/biboat.net\/#website\"},\"datePublished\":\"2023-02-02T20:22:21+00:00\",\"dateModified\":\"2023-05-14T13:14:44+00:00\",\"description\":\"bluline barca per sei persone, noleggio tour Cinque Terre e tour del golfo di La Spezia, noleggio ideale per amici e famiglia\",\"breadcrumb\":{\"@id\":\"https:\/\/biboat.net\/prodotto\/bluline-cinque-terre-noleggio\/#breadcrumb\"},\"inLanguage\":\"fr-FR\",\"potentialAction\":[{\"@type\":\"ReadAction\",\"target\":[\"https:\/\/biboat.net\/prodotto\/bluline-cinque-terre-noleggio\/\"]}]},{\"@type\":\"BreadcrumbList\",\"@id\":\"https:\/\/biboat.net\/prodotto\/bluline-cinque-terre-noleggio\/#breadcrumb\",\"itemListElement\":[{\"@type\":\"ListItem\",\"position\":1,\"name\":\"Home\",\"item\":\"https:\/\/biboat.net\/\"},{\"@type\":\"ListItem\",\"position\":2,\"name\":\"Prodotti\",\"item\":\"https:\/\/biboat.net\/negozio__trashed\/\"},{\"@type\":\"ListItem\",\"position\":3,\"name\":\"Bluline2\"}]},{\"@type\":\"WebSite\",\"@id\":\"https:\/\/biboat.net\/#website\",\"url\":\"https:\/\/biboat.net\/\",\"name\":\"Biboat - Noleggio Imbarcazioni\",\"description\":\"\",\"publisher\":{\"@id\":\"https:\/\/biboat.net\/#organization\"},\"potentialAction\":[{\"@type\":\"SearchAction\",\"target\":{\"@type\":\"EntryPoint\",\"urlTemplate\":\"https:\/\/biboat.net\/?s={search_term_string}\"},\"query-input\":\"required name=search_term_string\"}],\"inLanguage\":\"fr-FR\"},{\"@type\":\"Organization\",\"@id\":\"https:\/\/biboat.net\/#organization\",\"name\":\"Biboat - Noleggio Imbarcazioni\",\"url\":\"https:\/\/biboat.net\/\",\"logo\":{\"@type\":\"ImageObject\",\"inLanguage\":\"fr-FR\",\"@id\":\"https:\/\/biboat.net\/#\/schema\/logo\/image\/\",\"url\":\"https:\/\/biboat.net\/wp-content\/uploads\/2023\/01\/logo_sfondo_colorblue-1.jpg\",\"contentUrl\":\"https:\/\/biboat.net\/wp-content\/uploads\/2023\/01\/logo_sfondo_colorblue-1.jpg\",\"width\":662,\"height\":444,\"caption\":\"Biboat - Noleggio Imbarcazioni\"},\"image\":{\"@id\":\"https:\/\/biboat.net\/#\/schema\/logo\/image\/\"},\"sameAs\":[\"https:\/\/www.facebook.com\/groups\/534026811821590\"]}]}<\/script>\n<!-- \/ Yoast SEO plugin. -->","yoast_head_json":{"title":"Bluline2 - Biboat - Noleggio Imbarcazioni","description":"bluline barca per sei persone, noleggio tour Cinque Terre e tour del golfo di La Spezia, noleggio ideale per amici e famiglia","robots":{"index":"index","follow":"follow","max-snippet":"max-snippet:-1","max-image-preview":"max-image-preview:large","max-video-preview":"max-video-preview:-1"},"canonical":"https:\/\/biboat.net\/fr\/produit\/bluline-cinque-terre-noleggio\/","og_locale":"fr_FR","og_type":"article","og_title":"Bluline2 - Biboat - Noleggio Imbarcazioni","og_description":"bluline barca per sei persone, noleggio tour Cinque Terre e tour del golfo di La Spezia, noleggio ideale per amici e famiglia","og_url":"https:\/\/biboat.net\/fr\/produit\/bluline-cinque-terre-noleggio\/","og_site_name":"Biboat - Noleggio Imbarcazioni","article_publisher":"https:\/\/www.facebook.com\/groups\/534026811821590","article_modified_time":"2023-05-14T13:14:44+00:00","og_image":[{"width":899,"height":1599,"url":"https:\/\/biboat.net\/wp-content\/uploads\/2023\/01\/bluline-1.jpg","type":"image\/jpeg"}],"twitter_card":"summary_large_image","twitter_misc":{"Dur\u00e9e de lecture estim\u00e9e":"1 minute"},"schema":{"@context":"https:\/\/schema.org","@graph":[{"@type":"WebPage","@id":"https:\/\/biboat.net\/prodotto\/bluline-cinque-terre-noleggio\/","url":"https:\/\/biboat.net\/prodotto\/bluline-cinque-terre-noleggio\/","name":"Bluline2 - Biboat - Noleggio Imbarcazioni","isPartOf":{"@id":"https:\/\/biboat.net\/#website"},"datePublished":"2023-02-02T20:22:21+00:00","dateModified":"2023-05-14T13:14:44+00:00","description":"bluline barca per sei persone, noleggio tour Cinque Terre e tour del golfo di La Spezia, noleggio ideale per amici e famiglia","breadcrumb":{"@id":"https:\/\/biboat.net\/prodotto\/bluline-cinque-terre-noleggio\/#breadcrumb"},"inLanguage":"fr-FR","potentialAction":[{"@type":"ReadAction","target":["https:\/\/biboat.net\/prodotto\/bluline-cinque-terre-noleggio\/"]}]},{"@type":"BreadcrumbList","@id":"https:\/\/biboat.net\/prodotto\/bluline-cinque-terre-noleggio\/#breadcrumb","itemListElement":[{"@type":"ListItem","position":1,"name":"Home","item":"https:\/\/biboat.net\/"},{"@type":"ListItem","position":2,"name":"Prodotti","item":"https:\/\/biboat.net\/negozio__trashed\/"},{"@type":"ListItem","position":3,"name":"Bluline2"}]},{"@type":"WebSite","@id":"https:\/\/biboat.net\/#website","url":"https:\/\/biboat.net\/","name":"Biboat - Noleggio Imbarcazioni","description":"","publisher":{"@id":"https:\/\/biboat.net\/#organization"},"potentialAction":[{"@type":"SearchAction","target":{"@type":"EntryPoint","urlTemplate":"https:\/\/biboat.net\/?s={search_term_string}"},"query-input":"required name=search_term_string"}],"inLanguage":"fr-FR"},{"@type":"Organization","@id":"https:\/\/biboat.net\/#organization","name":"Biboat - Noleggio Imbarcazioni","url":"https:\/\/biboat.net\/","logo":{"@type":"ImageObject","inLanguage":"fr-FR","@id":"https:\/\/biboat.net\/#\/schema\/logo\/image\/","url":"https:\/\/biboat.net\/wp-content\/uploads\/2023\/01\/logo_sfondo_colorblue-1.jpg","contentUrl":"https:\/\/biboat.net\/wp-content\/uploads\/2023\/01\/logo_sfondo_colorblue-1.jpg","width":662,"height":444,"caption":"Biboat - Noleggio Imbarcazioni"},"image":{"@id":"https:\/\/biboat.net\/#\/schema\/logo\/image\/"},"sameAs":["https:\/\/www.facebook.com\/groups\/534026811821590"]}]}},"featured_media_urls":{"thumbnail":["https:\/\/biboat.net\/wp-content\/uploads\/2023\/01\/bluline-1-150x150.jpg",150,150,true],"medium":["https:\/\/biboat.net\/wp-content\/uploads\/2023\/01\/bluline-1-169x300.jpg",169,300,true],"medium_large":["https:\/\/biboat.net\/wp-content\/uploads\/2023\/01\/bluline-1-768x1366.jpg",768,1366,true],"large":["https:\/\/biboat.net\/wp-content\/uploads\/2023\/01\/bluline-1-576x1024.jpg",576,1024,true],"1536x1536":["https:\/\/biboat.net\/wp-content\/uploads\/2023\/01\/bluline-1-864x1536.jpg",864,1536,true],"2048x2048":["https:\/\/biboat.net\/wp-content\/uploads\/2023\/01\/bluline-1.jpg",899,1599,false],"trp-custom-language-flag":["https:\/\/biboat.net\/wp-content\/uploads\/2023\/01\/bluline-1-7x12.jpg",7,12,true],"inspiro-featured-image":["https:\/\/biboat.net\/wp-content\/uploads\/2023\/01\/bluline-1.jpg",899,1599,false],"inspiro-loop":["https:\/\/biboat.net\/wp-content\/uploads\/2023\/01\/bluline-1-899x320.jpg",899,320,true],"inspiro-loop@2x":["https:\/\/biboat.net\/wp-content\/uploads\/2023\/01\/bluline-1-899x640.jpg",899,640,true],"woocommerce_thumbnail":["https:\/\/biboat.net\/wp-content\/uploads\/2023\/01\/bluline-1-300x300.jpg",300,300,true],"woocommerce_single":["https:\/\/biboat.net\/wp-content\/uploads\/2023\/01\/bluline-1-600x1067.jpg",600,1067,true],"woocommerce_gallery_thumbnail":["https:\/\/biboat.net\/wp-content\/uploads\/2023\/01\/bluline-1-100x100.jpg",100,100,true],"portfolio_item-thumbnail":["https:\/\/biboat.net\/wp-content\/uploads\/2023\/01\/bluline-1-600x400.jpg",600,400,true],"portfolio_item-masonry":["https:\/\/biboat.net\/wp-content\/uploads\/2023\/01\/bluline-1-600x1067.jpg",600,1067,true],"portfolio_item-thumbnail_cinema":["https:\/\/biboat.net\/wp-content\/uploads\/2023\/01\/bluline-1-800x335.jpg",800,335,true],"portfolio_item-thumbnail_portrait":["https:\/\/biboat.net\/wp-content\/uploads\/2023\/01\/bluline-1-600x900.jpg",600,900,true],"portfolio_item-thumbnail_square":["https:\/\/biboat.net\/wp-content\/uploads\/2023\/01\/bluline-1-800x800.jpg",800,800,true]},"_links":{"self":[{"href":"https:\/\/biboat.net\/fr\/wp-json\/wp\/v2\/product\/6924"}],"collection":[{"href":"https:\/\/biboat.net\/fr\/wp-json\/wp\/v2\/product"}],"about":[{"href":"https:\/\/biboat.net\/fr\/wp-json\/wp\/v2\/types\/product"}],"replies":[{"embeddable":true,"href":"https:\/\/biboat.net\/fr\/wp-json\/wp\/v2\/comments?post=6924"}],"version-history":[{"count":10,"href":"https:\/\/biboat.net\/fr\/wp-json\/wp\/v2\/product\/6924\/revisions"}],"predecessor-version":[{"id":7702,"href":"https:\/\/biboat.net\/fr\/wp-json\/wp\/v2\/product\/6924\/revisions\/7702"}],"wp:featuredmedia":[{"embeddable":true,"href":"https:\/\/biboat.net\/fr\/wp-json\/wp\/v2\/media\/7389"}],"wp:attachment":[{"href":"https:\/\/biboat.net\/fr\/wp-json\/wp\/v2\/media?parent=6924"}],"wp:term":[{"taxonomy":"product_cat","embeddable":true,"href":"https:\/\/biboat.net\/fr\/wp-json\/wp\/v2\/product_cat?post=6924"},{"taxonomy":"product_tag","embeddable":true,"href":"https:\/\/biboat.net\/fr\/wp-json\/wp\/v2\/product_tag?post=6924"}],"curies":[{"name":"wp","href":"https:\/\/api.w.org\/{rel}","templated":true}]}}