{"id":7374,"date":"2023-04-04T15:09:59","date_gmt":"2023-04-04T13:09:59","guid":{"rendered":"https:\/\/biboat.net\/?post_type=product&#038;p=7374"},"modified":"2023-05-28T18:45:30","modified_gmt":"2023-05-28T16:45:30","slug":"beneteau-flyer","status":"publish","type":"product","link":"https:\/\/biboat.net\/fr\/produit\/beneteau-flyer\/","title":{"rendered":"Beneteau Flyer 9 SPACE deck"},"content":{"rendered":"<p>Grande nouveaut\u00e9 2023, uniquement en location avec skipper, notre Beneteau Flyer 9, est un bateau d'exception, spacieux et au coeur sportif. Equip\u00e9 de tout confort pour explorer notre magnifique golfe. Surface de pont optimis\u00e9e, design sportif, le Flyer 9 SPACEdeck est un day-boat accueillant aux finitions soign\u00e9es. En adoptant le large pont b\u00e2bord Smart Walkaround, le Flyer 9 offre une excellente accessibilit\u00e9 \u00e0 la spacieuse plateforme de bain avant et une s\u00e9curit\u00e9 maximale en circulation. \u00c9quip\u00e9 de 2 puissants moteurs Mercury Verado de 225 CV chacun. Un bateau id\u00e9al pour passer une journ\u00e9e de d\u00e9tente en famille ou entre amis.<\/p>","protected":false},"excerpt":{"rendered":"<p>Excellente nouvelle pour 2023, uniquement en location avec skipper, notre Beneteau Flyer 9 est un bateau d&#039;exception, spacieux au c\u0153ur sportif. Equip\u00e9 de tout le confort pour pouvoir explorer notre magnifique golfe. Surface de pont optimis\u00e9e, design sportif, le Flyer 9 SPACEdeck est un day-boat accueillant aux finitions soign\u00e9es. En adoptant la grande passerelle Smart Walkaround pour\u2026 <\/p>\n<p class=\"link-more\"><a href=\"https:\/\/biboat.net\/fr\/produit\/beneteau-flyer\/\" class=\"more-link\">Lire la suite de<span class=\"screen-reader-text\">\u00ab Pont Beneteau Flyer 9 SPACE \u00bb<\/span><\/a><\/p>","protected":false},"featured_media":7377,"comment_status":"open","ping_status":"closed","template":"","meta":{"_mi_skip_tracking":false,"_monsterinsights_sitenote_active":false,"_monsterinsights_sitenote_note":"","_monsterinsights_sitenote_category":0},"product_cat":[71,70],"product_tag":[94,77,76,93],"acf":[],"yoast_head":"<!-- This site is optimized with the Yoast SEO plugin v20.7 - https:\/\/yoast.com\/wordpress\/plugins\/seo\/ -->\n<title>Beneteau Flyer 9 SPACE deck - Biboat - Noleggio Imbarcazioni<\/title>\n<meta name=\"description\" content=\"design sportivo, day-boat accogliente, ampio passavanti Smart Walkaround, motori Mercury verado da 225HP, barca ideale per una giornata con famiglie e amici\" \/>\n<meta name=\"robots\" content=\"index, follow, max-snippet:-1, max-image-preview:large, max-video-preview:-1\" \/>\n<link rel=\"canonical\" href=\"https:\/\/biboat.net\/fr\/produit\/beneteau-flyer\/\" \/>\n<meta property=\"og:locale\" content=\"fr_FR\" \/>\n<meta property=\"og:type\" content=\"article\" \/>\n<meta property=\"og:title\" content=\"Beneteau Flyer 9 SPACE deck - Biboat - Noleggio Imbarcazioni\" \/>\n<meta property=\"og:description\" content=\"design sportivo, day-boat accogliente, ampio passavanti Smart Walkaround, motori Mercury verado da 225HP, barca ideale per una giornata con famiglie e amici\" \/>\n<meta property=\"og:url\" content=\"https:\/\/biboat.net\/fr\/produit\/beneteau-flyer\/\" \/>\n<meta property=\"og:site_name\" content=\"Biboat - Noleggio Imbarcazioni\" \/>\n<meta property=\"article:publisher\" content=\"https:\/\/www.facebook.com\/groups\/534026811821590\" \/>\n<meta property=\"article:modified_time\" content=\"2023-05-28T16:45:30+00:00\" \/>\n<meta property=\"og:image\" content=\"https:\/\/biboat.net\/wp-content\/uploads\/2023\/04\/Beneteau-1.png\" \/>\n\t<meta property=\"og:image:width\" content=\"1004\" \/>\n\t<meta property=\"og:image:height\" content=\"670\" \/>\n\t<meta property=\"og:image:type\" content=\"image\/png\" \/>\n<meta name=\"twitter:card\" content=\"summary_large_image\" \/>\n<meta name=\"twitter:label1\" content=\"Dur\u00e9e de lecture estim\u00e9e\" \/>\n\t<meta name=\"twitter:data1\" content=\"1 minute\" \/>\n<script type=\"application\/ld+json\" class=\"yoast-schema-graph\">{\"@context\":\"https:\/\/schema.org\",\"@graph\":[{\"@type\":\"WebPage\",\"@id\":\"https:\/\/biboat.net\/prodotto\/beneteau-flyer\/\",\"url\":\"https:\/\/biboat.net\/prodotto\/beneteau-flyer\/\",\"name\":\"Beneteau Flyer 9 SPACE deck - Biboat - Noleggio Imbarcazioni\",\"isPartOf\":{\"@id\":\"https:\/\/biboat.net\/#website\"},\"datePublished\":\"2023-04-04T13:09:59+00:00\",\"dateModified\":\"2023-05-28T16:45:30+00:00\",\"description\":\"design sportivo, day-boat accogliente, ampio passavanti Smart Walkaround, motori Mercury verado da 225HP, barca ideale per una giornata con famiglie e amici\",\"breadcrumb\":{\"@id\":\"https:\/\/biboat.net\/prodotto\/beneteau-flyer\/#breadcrumb\"},\"inLanguage\":\"fr-FR\",\"potentialAction\":[{\"@type\":\"ReadAction\",\"target\":[\"https:\/\/biboat.net\/prodotto\/beneteau-flyer\/\"]}]},{\"@type\":\"BreadcrumbList\",\"@id\":\"https:\/\/biboat.net\/prodotto\/beneteau-flyer\/#breadcrumb\",\"itemListElement\":[{\"@type\":\"ListItem\",\"position\":1,\"name\":\"Home\",\"item\":\"https:\/\/biboat.net\/\"},{\"@type\":\"ListItem\",\"position\":2,\"name\":\"Prodotti\",\"item\":\"https:\/\/biboat.net\/negozio__trashed\/\"},{\"@type\":\"ListItem\",\"position\":3,\"name\":\"Beneteau Flyer 9 SPACE deck\"}]},{\"@type\":\"WebSite\",\"@id\":\"https:\/\/biboat.net\/#website\",\"url\":\"https:\/\/biboat.net\/\",\"name\":\"Biboat - Noleggio Imbarcazioni\",\"description\":\"\",\"publisher\":{\"@id\":\"https:\/\/biboat.net\/#organization\"},\"potentialAction\":[{\"@type\":\"SearchAction\",\"target\":{\"@type\":\"EntryPoint\",\"urlTemplate\":\"https:\/\/biboat.net\/?s={search_term_string}\"},\"query-input\":\"required name=search_term_string\"}],\"inLanguage\":\"fr-FR\"},{\"@type\":\"Organization\",\"@id\":\"https:\/\/biboat.net\/#organization\",\"name\":\"Biboat - Noleggio Imbarcazioni\",\"url\":\"https:\/\/biboat.net\/\",\"logo\":{\"@type\":\"ImageObject\",\"inLanguage\":\"fr-FR\",\"@id\":\"https:\/\/biboat.net\/#\/schema\/logo\/image\/\",\"url\":\"https:\/\/biboat.net\/wp-content\/uploads\/2023\/01\/logo_sfondo_colorblue-1.jpg\",\"contentUrl\":\"https:\/\/biboat.net\/wp-content\/uploads\/2023\/01\/logo_sfondo_colorblue-1.jpg\",\"width\":662,\"height\":444,\"caption\":\"Biboat - Noleggio Imbarcazioni\"},\"image\":{\"@id\":\"https:\/\/biboat.net\/#\/schema\/logo\/image\/\"},\"sameAs\":[\"https:\/\/www.facebook.com\/groups\/534026811821590\"]}]}<\/script>\n<!-- \/ Yoast SEO plugin. -->","yoast_head_json":{"title":"Beneteau Flyer 9 SPACE deck - Biboat - Noleggio Imbarcazioni","description":"design sportivo, day-boat accogliente, ampio passavanti Smart Walkaround, motori Mercury verado da 225HP, barca ideale per una giornata con famiglie e amici","robots":{"index":"index","follow":"follow","max-snippet":"max-snippet:-1","max-image-preview":"max-image-preview:large","max-video-preview":"max-video-preview:-1"},"canonical":"https:\/\/biboat.net\/fr\/produit\/beneteau-flyer\/","og_locale":"fr_FR","og_type":"article","og_title":"Beneteau Flyer 9 SPACE deck - Biboat - Noleggio Imbarcazioni","og_description":"design sportivo, day-boat accogliente, ampio passavanti Smart Walkaround, motori Mercury verado da 225HP, barca ideale per una giornata con famiglie e amici","og_url":"https:\/\/biboat.net\/fr\/produit\/beneteau-flyer\/","og_site_name":"Biboat - Noleggio Imbarcazioni","article_publisher":"https:\/\/www.facebook.com\/groups\/534026811821590","article_modified_time":"2023-05-28T16:45:30+00:00","og_image":[{"width":1004,"height":670,"url":"https:\/\/biboat.net\/wp-content\/uploads\/2023\/04\/Beneteau-1.png","type":"image\/png"}],"twitter_card":"summary_large_image","twitter_misc":{"Dur\u00e9e de lecture estim\u00e9e":"1 minute"},"schema":{"@context":"https:\/\/schema.org","@graph":[{"@type":"WebPage","@id":"https:\/\/biboat.net\/prodotto\/beneteau-flyer\/","url":"https:\/\/biboat.net\/prodotto\/beneteau-flyer\/","name":"Beneteau Flyer 9 SPACE deck - Biboat - Noleggio Imbarcazioni","isPartOf":{"@id":"https:\/\/biboat.net\/#website"},"datePublished":"2023-04-04T13:09:59+00:00","dateModified":"2023-05-28T16:45:30+00:00","description":"design sportivo, day-boat accogliente, ampio passavanti Smart Walkaround, motori Mercury verado da 225HP, barca ideale per una giornata con famiglie e amici","breadcrumb":{"@id":"https:\/\/biboat.net\/prodotto\/beneteau-flyer\/#breadcrumb"},"inLanguage":"fr-FR","potentialAction":[{"@type":"ReadAction","target":["https:\/\/biboat.net\/prodotto\/beneteau-flyer\/"]}]},{"@type":"BreadcrumbList","@id":"https:\/\/biboat.net\/prodotto\/beneteau-flyer\/#breadcrumb","itemListElement":[{"@type":"ListItem","position":1,"name":"Home","item":"https:\/\/biboat.net\/"},{"@type":"ListItem","position":2,"name":"Prodotti","item":"https:\/\/biboat.net\/negozio__trashed\/"},{"@type":"ListItem","position":3,"name":"Beneteau Flyer 9 SPACE deck"}]},{"@type":"WebSite","@id":"https:\/\/biboat.net\/#website","url":"https:\/\/biboat.net\/","name":"Biboat - Noleggio Imbarcazioni","description":"","publisher":{"@id":"https:\/\/biboat.net\/#organization"},"potentialAction":[{"@type":"SearchAction","target":{"@type":"EntryPoint","urlTemplate":"https:\/\/biboat.net\/?s={search_term_string}"},"query-input":"required name=search_term_string"}],"inLanguage":"fr-FR"},{"@type":"Organization","@id":"https:\/\/biboat.net\/#organization","name":"Biboat - Noleggio Imbarcazioni","url":"https:\/\/biboat.net\/","logo":{"@type":"ImageObject","inLanguage":"fr-FR","@id":"https:\/\/biboat.net\/#\/schema\/logo\/image\/","url":"https:\/\/biboat.net\/wp-content\/uploads\/2023\/01\/logo_sfondo_colorblue-1.jpg","contentUrl":"https:\/\/biboat.net\/wp-content\/uploads\/2023\/01\/logo_sfondo_colorblue-1.jpg","width":662,"height":444,"caption":"Biboat - Noleggio Imbarcazioni"},"image":{"@id":"https:\/\/biboat.net\/#\/schema\/logo\/image\/"},"sameAs":["https:\/\/www.facebook.com\/groups\/534026811821590"]}]}},"featured_media_urls":{"thumbnail":["https:\/\/biboat.net\/wp-content\/uploads\/2023\/04\/Beneteau-1-150x150.png",150,150,true],"medium":["https:\/\/biboat.net\/wp-content\/uploads\/2023\/04\/Beneteau-1-300x200.png",300,200,true],"medium_large":["https:\/\/biboat.net\/wp-content\/uploads\/2023\/04\/Beneteau-1-768x513.png",768,513,true],"large":["https:\/\/biboat.net\/wp-content\/uploads\/2023\/04\/Beneteau-1.png",950,634,false],"1536x1536":["https:\/\/biboat.net\/wp-content\/uploads\/2023\/04\/Beneteau-1.png",1004,670,false],"2048x2048":["https:\/\/biboat.net\/wp-content\/uploads\/2023\/04\/Beneteau-1.png",1004,670,false],"trp-custom-language-flag":["https:\/\/biboat.net\/wp-content\/uploads\/2023\/04\/Beneteau-1-18x12.png",18,12,true],"inspiro-featured-image":["https:\/\/biboat.net\/wp-content\/uploads\/2023\/04\/Beneteau-1.png",1004,670,false],"inspiro-loop":["https:\/\/biboat.net\/wp-content\/uploads\/2023\/04\/Beneteau-1-950x320.png",950,320,true],"inspiro-loop@2x":["https:\/\/biboat.net\/wp-content\/uploads\/2023\/04\/Beneteau-1-1004x640.png",1004,640,true],"woocommerce_thumbnail":["https:\/\/biboat.net\/wp-content\/uploads\/2023\/04\/Beneteau-1-300x300.png",300,300,true],"woocommerce_single":["https:\/\/biboat.net\/wp-content\/uploads\/2023\/04\/Beneteau-1-600x400.png",600,400,true],"woocommerce_gallery_thumbnail":["https:\/\/biboat.net\/wp-content\/uploads\/2023\/04\/Beneteau-1-100x100.png",100,100,true],"portfolio_item-thumbnail":["https:\/\/biboat.net\/wp-content\/uploads\/2023\/04\/Beneteau-1-600x400.png",600,400,true],"portfolio_item-masonry":["https:\/\/biboat.net\/wp-content\/uploads\/2023\/04\/Beneteau-1-600x400.png",600,400,true],"portfolio_item-thumbnail_cinema":["https:\/\/biboat.net\/wp-content\/uploads\/2023\/04\/Beneteau-1-800x335.png",800,335,true],"portfolio_item-thumbnail_portrait":["https:\/\/biboat.net\/wp-content\/uploads\/2023\/04\/Beneteau-1-600x670.png",600,670,true],"portfolio_item-thumbnail_square":["https:\/\/biboat.net\/wp-content\/uploads\/2023\/04\/Beneteau-1-800x670.png",800,670,true]},"_links":{"self":[{"href":"https:\/\/biboat.net\/fr\/wp-json\/wp\/v2\/product\/7374"}],"collection":[{"href":"https:\/\/biboat.net\/fr\/wp-json\/wp\/v2\/product"}],"about":[{"href":"https:\/\/biboat.net\/fr\/wp-json\/wp\/v2\/types\/product"}],"replies":[{"embeddable":true,"href":"https:\/\/biboat.net\/fr\/wp-json\/wp\/v2\/comments?post=7374"}],"version-history":[{"count":8,"href":"https:\/\/biboat.net\/fr\/wp-json\/wp\/v2\/product\/7374\/revisions"}],"predecessor-version":[{"id":7700,"href":"https:\/\/biboat.net\/fr\/wp-json\/wp\/v2\/product\/7374\/revisions\/7700"}],"wp:featuredmedia":[{"embeddable":true,"href":"https:\/\/biboat.net\/fr\/wp-json\/wp\/v2\/media\/7377"}],"wp:attachment":[{"href":"https:\/\/biboat.net\/fr\/wp-json\/wp\/v2\/media?parent=7374"}],"wp:term":[{"taxonomy":"product_cat","embeddable":true,"href":"https:\/\/biboat.net\/fr\/wp-json\/wp\/v2\/product_cat?post=7374"},{"taxonomy":"product_tag","embeddable":true,"href":"https:\/\/biboat.net\/fr\/wp-json\/wp\/v2\/product_tag?post=7374"}],"curies":[{"name":"wp","href":"https:\/\/api.w.org\/{rel}","templated":true}]}}